{"id":11,"date":"2016-07-20T16:59:46","date_gmt":"2016-07-20T16:59:46","guid":{"rendered":"http:\/\/demo.hashthemes.com\/total\/?page_id=11"},"modified":"2024-02-06T14:16:34","modified_gmt":"2024-02-06T14:16:34","slug":"about-us","status":"publish","type":"page","link":"https:\/\/friendshipforcetuxtla.com\/web\/about-us\/","title":{"rendered":"Nosotros"},"content":{"rendered":"\t\t<div data-elementor-type=\"wp-page\" data-elementor-id=\"11\" class=\"elementor elementor-11\">\n\t\t\t\t\t\t<section class=\"elementor-section elementor-top-section elementor-element elementor-element-15d67cc elementor-section-content-middle elementor-section-boxed elementor-section-height-default elementor-section-height-default\" data-id=\"15d67cc\" data-element_type=\"section\" data-e-type=\"section\">\n\t\t\t\t\t\t<div class=\"elementor-container elementor-column-gap-wide\">\n\t\t\t\t\t<div class=\"elementor-column elementor-col-50 elementor-top-column elementor-element elementor-element-22b30ee\" data-id=\"22b30ee\" data-element_type=\"column\" data-e-type=\"column\">\n\t\t\t<div class=\"elementor-widget-wrap elementor-element-populated\">\n\t\t\t\t\t\t<div class=\"elementor-element elementor-element-de22a1f elementor-widget elementor-widget-image\" data-id=\"de22a1f\" data-element_type=\"widget\" data-e-type=\"widget\" data-widget_type=\"image.default\">\n\t\t\t\t<div class=\"elementor-widget-container\">\n\t\t\t\t\t\t\t\t\t\t\t\t\t\t\t<img fetchpriority=\"high\" decoding=\"async\" width=\"900\" height=\"621\" src=\"https:\/\/friendshipforcetuxtla.com\/web\/wp-content\/uploads\/2024\/02\/FromNorthernEcho2.jpg\" class=\"attachment-full size-full wp-image-1507\" alt=\"\" srcset=\"https:\/\/friendshipforcetuxtla.com\/web\/wp-content\/uploads\/2024\/02\/FromNorthernEcho2.jpg 900w, https:\/\/friendshipforcetuxtla.com\/web\/wp-content\/uploads\/2024\/02\/FromNorthernEcho2-300x207.jpg 300w, https:\/\/friendshipforcetuxtla.com\/web\/wp-content\/uploads\/2024\/02\/FromNorthernEcho2-768x530.jpg 768w\" sizes=\"(max-width: 900px) 100vw, 900px\" \/>\t\t\t\t\t\t\t\t\t\t\t\t\t\t\t<\/div>\n\t\t\t\t<\/div>\n\t\t\t\t\t<\/div>\n\t\t<\/div>\n\t\t\t\t<div class=\"elementor-column elementor-col-50 elementor-top-column elementor-element elementor-element-0388de6\" data-id=\"0388de6\" data-element_type=\"column\" data-e-type=\"column\">\n\t\t\t<div class=\"elementor-widget-wrap elementor-element-populated\">\n\t\t\t\t\t\t<div class=\"elementor-element elementor-element-d6c7e0f elementor-widget elementor-widget-heading\" data-id=\"d6c7e0f\" data-element_type=\"widget\" data-e-type=\"widget\" data-widget_type=\"heading.default\">\n\t\t\t\t<div class=\"elementor-widget-container\">\n\t\t\t\t\t<h2 class=\"elementor-heading-title elementor-size-default\">Nuestra Historia<\/h2>\t\t\t\t<\/div>\n\t\t\t\t<\/div>\n\t\t\t\t<div class=\"elementor-element elementor-element-75e4add elementor-widget elementor-widget-text-editor\" data-id=\"75e4add\" data-element_type=\"widget\" data-e-type=\"widget\" data-widget_type=\"text-editor.default\">\n\t\t\t\t<div class=\"elementor-widget-container\">\n\t\t\t\t\t\t\t\t\t<p>FF consist\u00eda originalmente en grupos que iban de 150 a 400 ciudadanos, conocidos como embajadores de la amistad, que viajaban en vuelos ch\u00e1rter a la ciudad asociada. All\u00ed, un grupo del mismo tama\u00f1o viajaba en el mismo vuelo que regresaba a su ciudad original. As\u00ed surgi\u00f3 la terminolog\u00eda \u201cintercambio\u201d, la palabra que originalmente se usaba para referirse a nuestros programas de viaje, el atual \u201cJourney\u201d. Los embajadores visitantes se alojaban en casas de familias anfitrionas voluntarias durante una semana, compartiendo experiencias cotidianas y conoci\u00e9ndose mutuamente. La primera experiencia de FF involucr\u00f3 a 762 Embajadores en un intercambio simult\u00e1neo entre Newcastle-upon-Tyne, Inglaterra y Atlanta, Georgia, EE. UU.<\/p><p>Friendship Force fue fundada por Wayne Smith y presentada el 1 de marzo de 1977 por el presidente Jimmy Carter en una reuni\u00f3n de gobernadores estatales en la Casa Blanca. En ese momento, el presidente Carter pidi\u00f3 a los gobernadores que regresaran a sus estados e identificaran a un l\u00edder voluntario que servir\u00eda como representante de\u00a0 Friendship Force en su estado. Rosalynn Carter se desempe\u00f1\u00f3 como Presidenta Honoraria hasta 2002.<\/p>\t\t\t\t\t\t\t\t<\/div>\n\t\t\t\t<\/div>\n\t\t\t\t\t<\/div>\n\t\t<\/div>\n\t\t\t\t\t<\/div>\n\t\t<\/section>\n\t\t\t\t<section class=\"elementor-section elementor-top-section elementor-element elementor-element-3798ff1 elementor-section-content-middle elementor-section-stretched elementor-section-boxed elementor-section-height-default elementor-section-height-default\" data-id=\"3798ff1\" data-element_type=\"section\" data-e-type=\"section\" data-settings=\"{&quot;stretch_section&quot;:&quot;section-stretched&quot;,&quot;background_background&quot;:&quot;classic&quot;}\">\n\t\t\t\t\t\t<div class=\"elementor-container elementor-column-gap-extended\">\n\t\t\t\t\t<div class=\"elementor-column elementor-col-50 elementor-top-column elementor-element elementor-element-a6a50b9\" data-id=\"a6a50b9\" data-element_type=\"column\" data-e-type=\"column\">\n\t\t\t<div class=\"elementor-widget-wrap elementor-element-populated\">\n\t\t\t\t\t\t<div class=\"elementor-element elementor-element-c4d5c42 elementor-widget elementor-widget-heading\" data-id=\"c4d5c42\" data-element_type=\"widget\" data-e-type=\"widget\" data-widget_type=\"heading.default\">\n\t\t\t\t<div class=\"elementor-widget-container\">\n\t\t\t\t\t<h2 class=\"elementor-heading-title elementor-size-default\">\u00bfPor qu\u00e9 viajamos?<\/h2>\t\t\t\t<\/div>\n\t\t\t\t<\/div>\n\t\t\t\t<div class=\"elementor-element elementor-element-1050ae5 elementor-widget elementor-widget-text-editor\" data-id=\"1050ae5\" data-element_type=\"widget\" data-e-type=\"widget\" data-widget_type=\"text-editor.default\">\n\t\t\t\t<div class=\"elementor-widget-container\">\n\t\t\t\t\t\t\t\t\t<p>La Friendship Force se enfoca en la construcci\u00f3n de relaciones s\u00f3lidas y duraderas entre personas de diferentes or\u00edgenes, lo que lleva a una mejor comprensi\u00f3n y apreciaci\u00f3n de las diferencias culturales. Al fomentar el di\u00e1logo y el intercambio de ideas, la organizaci\u00f3n aspira a ser un catalizador para el cambio positivo y la paz mundial.<\/p><p>La organizaci\u00f3n tambi\u00e9n est\u00e1 involucrada en proyectos de servicio comunitario, como programas de alfabetizaci\u00f3n y educaci\u00f3n, con el objetivo de mejorar las vidas de las personas en todo el mundo. Los miembros de la Friendship Force aprovechan sus relaciones globales para promover el intercambio de conocimientos y habilidades, y as\u00ed mejorar la calidad de vida en sus comunidades locales e internacionales.<\/p>\t\t\t\t\t\t\t\t<\/div>\n\t\t\t\t<\/div>\n\t\t\t\t\t<\/div>\n\t\t<\/div>\n\t\t\t\t<div class=\"elementor-column elementor-col-50 elementor-top-column elementor-element elementor-element-a7bc4e0\" data-id=\"a7bc4e0\" data-element_type=\"column\" data-e-type=\"column\">\n\t\t\t<div class=\"elementor-widget-wrap elementor-element-populated\">\n\t\t\t\t\t\t<div class=\"elementor-element elementor-element-80857e3 elementor-widget elementor-widget-image\" data-id=\"80857e3\" data-element_type=\"widget\" data-e-type=\"widget\" data-widget_type=\"image.default\">\n\t\t\t\t<div class=\"elementor-widget-container\">\n\t\t\t\t\t\t\t\t\t\t\t\t\t\t\t<img decoding=\"async\" width=\"800\" height=\"600\" src=\"https:\/\/friendshipforcetuxtla.com\/web\/wp-content\/uploads\/2021\/08\/portrait-of-businessman-in-co-working-space.jpg\" class=\"attachment-full size-full wp-image-1290\" alt=\"\" srcset=\"https:\/\/friendshipforcetuxtla.com\/web\/wp-content\/uploads\/2021\/08\/portrait-of-businessman-in-co-working-space.jpg 800w, https:\/\/friendshipforcetuxtla.com\/web\/wp-content\/uploads\/2021\/08\/portrait-of-businessman-in-co-working-space-300x225.jpg 300w, https:\/\/friendshipforcetuxtla.com\/web\/wp-content\/uploads\/2021\/08\/portrait-of-businessman-in-co-working-space-768x576.jpg 768w\" sizes=\"(max-width: 800px) 100vw, 800px\" \/>\t\t\t\t\t\t\t\t\t\t\t\t\t\t\t<\/div>\n\t\t\t\t<\/div>\n\t\t\t\t\t<\/div>\n\t\t<\/div>\n\t\t\t\t\t<\/div>\n\t\t<\/section>\n\t\t\t\t<section class=\"elementor-section elementor-top-section elementor-element elementor-element-b59606a elementor-section-boxed elementor-section-height-default elementor-section-height-default\" data-id=\"b59606a\" data-element_type=\"section\" data-e-type=\"section\">\n\t\t\t\t\t\t<div class=\"elementor-container elementor-column-gap-default\">\n\t\t\t\t\t<div class=\"elementor-column elementor-col-100 elementor-top-column elementor-element elementor-element-f954fe4\" data-id=\"f954fe4\" data-element_type=\"column\" data-e-type=\"column\">\n\t\t\t<div class=\"elementor-widget-wrap elementor-element-populated\">\n\t\t\t\t\t\t<div class=\"elementor-element elementor-element-10a918b elementor-widget elementor-widget-heading\" data-id=\"10a918b\" data-element_type=\"widget\" data-e-type=\"widget\" data-widget_type=\"heading.default\">\n\t\t\t\t<div class=\"elementor-widget-container\">\n\t\t\t\t\t<h2 class=\"elementor-heading-title elementor-size-default\">un mundo de amigos es un mundo en paz!<\/h2>\t\t\t\t<\/div>\n\t\t\t\t<\/div>\n\t\t\t\t<section class=\"elementor-section elementor-inner-section elementor-element elementor-element-ba90aca elementor-section-full_width elementor-section-height-default elementor-section-height-default\" data-id=\"ba90aca\" data-element_type=\"section\" data-e-type=\"section\">\n\t\t\t\t\t\t<div class=\"elementor-container elementor-column-gap-default\">\n\t\t\t\t\t<div class=\"elementor-column elementor-col-33 elementor-inner-column elementor-element elementor-element-2aae070\" data-id=\"2aae070\" data-element_type=\"column\" data-e-type=\"column\">\n\t\t\t<div class=\"elementor-widget-wrap\">\n\t\t\t\t\t\t\t<\/div>\n\t\t<\/div>\n\t\t\t\t<div class=\"elementor-column elementor-col-33 elementor-inner-column elementor-element elementor-element-22edd86\" data-id=\"22edd86\" data-element_type=\"column\" data-e-type=\"column\">\n\t\t\t<div class=\"elementor-widget-wrap elementor-element-populated\">\n\t\t\t\t\t\t<div class=\"elementor-element elementor-element-3ec9644 elementor-widget elementor-widget-text-editor\" data-id=\"3ec9644\" data-element_type=\"widget\" data-e-type=\"widget\" data-widget_type=\"text-editor.default\">\n\t\t\t\t<div class=\"elementor-widget-container\">\n\t\t\t\t\t\t\t\t\t<p>En resumen, la Friendship Force es una organizaci\u00f3n \u00fanica que aprovecha el poder de las amistades personales y los intercambios culturales para promover la paz mundial, el entendimiento y la colaboraci\u00f3n entre personas de diferentes pa\u00edses y culturas. A trav\u00e9s de sus diversos programas y actividades, la Friendship Force trabaja incansablemente para construir un mundo m\u00e1s unido y solidario.<\/p>\t\t\t\t\t\t\t\t<\/div>\n\t\t\t\t<\/div>\n\t\t\t\t\t<\/div>\n\t\t<\/div>\n\t\t\t\t<div class=\"elementor-column elementor-col-33 elementor-inner-column elementor-element elementor-element-3fd9575\" data-id=\"3fd9575\" data-element_type=\"column\" data-e-type=\"column\">\n\t\t\t<div class=\"elementor-widget-wrap\">\n\t\t\t\t\t\t\t<\/div>\n\t\t<\/div>\n\t\t\t\t\t<\/div>\n\t\t<\/section>\n\t\t\t\t\t<\/div>\n\t\t<\/div>\n\t\t\t\t\t<\/div>\n\t\t<\/section>\n\t\t\t\t<section class=\"elementor-section elementor-top-section elementor-element elementor-element-87a167d elementor-section-content-middle elementor-section-stretched elementor-section-boxed elementor-section-height-default elementor-section-height-default\" data-id=\"87a167d\" data-element_type=\"section\" data-e-type=\"section\" data-settings=\"{&quot;background_background&quot;:&quot;classic&quot;,&quot;stretch_section&quot;:&quot;section-stretched&quot;}\">\n\t\t\t\t\t\t\t<div class=\"elementor-background-overlay\"><\/div>\n\t\t\t\t\t\t\t<div class=\"elementor-container elementor-column-gap-default\">\n\t\t\t\t\t<div class=\"elementor-column elementor-col-50 elementor-top-column elementor-element elementor-element-0de8eff\" data-id=\"0de8eff\" data-element_type=\"column\" data-e-type=\"column\">\n\t\t\t<div class=\"elementor-widget-wrap elementor-element-populated\">\n\t\t\t\t\t\t<div class=\"elementor-element elementor-element-ee01808 elementor-widget elementor-widget-heading\" data-id=\"ee01808\" data-element_type=\"widget\" data-e-type=\"widget\" data-widget_type=\"heading.default\">\n\t\t\t\t<div class=\"elementor-widget-container\">\n\t\t\t\t\t<h2 class=\"elementor-heading-title elementor-size-default\">hay tantas formas de participar\u2026<\/h2>\t\t\t\t<\/div>\n\t\t\t\t<\/div>\n\t\t\t\t<div class=\"elementor-element elementor-element-d745cf1 elementor-widget elementor-widget-text-editor\" data-id=\"d745cf1\" data-element_type=\"widget\" data-e-type=\"widget\" data-widget_type=\"text-editor.default\">\n\t\t\t\t<div class=\"elementor-widget-container\">\n\t\t\t\t\t\t\t\t\t<p>Desde peque\u00f1os grupos familiares hasta grandes redes de 100 personas, los clubes de Friendship Force son el coraz\u00f3n de nuestra organizaci\u00f3n. Son el verdadero testamento del poder de la amistad y de la comprensi\u00f3n, cualidades tan desesperadamente necesarias en nuestro mundo actual.<\/p>\t\t\t\t\t\t\t\t<\/div>\n\t\t\t\t<\/div>\n\t\t\t\t\t<\/div>\n\t\t<\/div>\n\t\t\t\t<div class=\"elementor-column elementor-col-50 elementor-top-column elementor-element elementor-element-b375aa6\" data-id=\"b375aa6\" data-element_type=\"column\" data-e-type=\"column\">\n\t\t\t<div class=\"elementor-widget-wrap elementor-element-populated\">\n\t\t\t\t\t\t<div class=\"elementor-element elementor-element-d3f2be0 elementor-align-right elementor-mobile-align-left elementor-widget elementor-widget-button\" data-id=\"d3f2be0\" data-element_type=\"widget\" data-e-type=\"widget\" data-widget_type=\"button.default\">\n\t\t\t\t<div class=\"elementor-widget-container\">\n\t\t\t\t\t\t\t\t\t<div class=\"elementor-button-wrapper\">\n\t\t\t\t\t<a class=\"elementor-button elementor-button-link elementor-size-md\" href=\"#\">\n\t\t\t\t\t\t<span class=\"elementor-button-content-wrapper\">\n\t\t\t\t\t\t\t\t\t<span class=\"elementor-button-text\">Cont\u00e1ctanos<\/span>\n\t\t\t\t\t<\/span>\n\t\t\t\t\t<\/a>\n\t\t\t\t<\/div>\n\t\t\t\t\t\t\t\t<\/div>\n\t\t\t\t<\/div>\n\t\t\t\t\t<\/div>\n\t\t<\/div>\n\t\t\t\t\t<\/div>\n\t\t<\/section>\n\t\t\t\t<\/div>\n\t\t","protected":false},"excerpt":{"rendered":"<p>Elit scripta volumus cu vim, cum no vidit prodesset interesset. Mollis legendos ne est, ex pri latine euismod apeirian. Nec molestie senserit an, eos no eirmod salutatus.<\/p>\n<p>Pro mucius everti ponderum at, vix reque scaevola eu. Ex nam veniam munere, at dico dictas mei. Ius ei assum assueverit. Nam ut assum nominavi.<\/p>\n","protected":false},"author":1,"featured_media":0,"parent":0,"menu_order":0,"comment_status":"closed","ping_status":"closed","template":"","meta":{"footnotes":""},"class_list":["post-11","page","type-page","status-publish","hentry"],"_links":{"self":[{"href":"https:\/\/friendshipforcetuxtla.com\/web\/wp-json\/wp\/v2\/pages\/11","targetHints":{"allow":["GET"]}}],"collection":[{"href":"https:\/\/friendshipforcetuxtla.com\/web\/wp-json\/wp\/v2\/pages"}],"about":[{"href":"https:\/\/friendshipforcetuxtla.com\/web\/wp-json\/wp\/v2\/types\/page"}],"author":[{"embeddable":true,"href":"https:\/\/friendshipforcetuxtla.com\/web\/wp-json\/wp\/v2\/users\/1"}],"replies":[{"embeddable":true,"href":"https:\/\/friendshipforcetuxtla.com\/web\/wp-json\/wp\/v2\/comments?post=11"}],"version-history":[{"count":12,"href":"https:\/\/friendshipforcetuxtla.com\/web\/wp-json\/wp\/v2\/pages\/11\/revisions"}],"predecessor-version":[{"id":1510,"href":"https:\/\/friendshipforcetuxtla.com\/web\/wp-json\/wp\/v2\/pages\/11\/revisions\/1510"}],"wp:attachment":[{"href":"https:\/\/friendshipforcetuxtla.com\/web\/wp-json\/wp\/v2\/media?parent=11"}],"curies":[{"name":"wp","href":"https:\/\/api.w.org\/{rel}","templated":true}]}}