{"id":396,"date":"2016-07-20T16:29:30","date_gmt":"2016-07-20T16:29:30","guid":{"rendered":"http:\/\/demo.hashthemes.com\/total\/?page_id=7"},"modified":"2024-01-29T11:17:05","modified_gmt":"2024-01-29T11:17:05","slug":"home-page","status":"publish","type":"page","link":"https:\/\/friendshipforcetuxtla.com\/web\/","title":{"rendered":"Home Page"},"content":{"rendered":"\t\t<div data-elementor-type=\"wp-page\" data-elementor-id=\"396\" class=\"elementor elementor-396\">\n\t\t\t\t\t\t<section class=\"elementor-section elementor-top-section elementor-element elementor-element-c438f36 elementor-section-stretched elementor-section-full_width elementor-section-height-default elementor-section-height-default\" data-id=\"c438f36\" data-element_type=\"section\" data-e-type=\"section\" data-settings=\"{&quot;stretch_section&quot;:&quot;section-stretched&quot;}\">\n\t\t\t\t\t\t<div class=\"elementor-container elementor-column-gap-default\">\n\t\t\t\t\t<div class=\"elementor-column elementor-col-100 elementor-top-column elementor-element elementor-element-166e34d\" data-id=\"166e34d\" data-element_type=\"column\" data-e-type=\"column\">\n\t\t\t<div class=\"elementor-widget-wrap elementor-element-populated\">\n\t\t\t\t\t\t<div class=\"elementor-element elementor-element-5cc1ae3 elementor-widget elementor-widget-total-slider\" data-id=\"5cc1ae3\" data-element_type=\"widget\" data-e-type=\"widget\" data-widget_type=\"total-slider.default\">\n\t\t\t\t<div class=\"elementor-widget-container\">\n\t\t\t\t\t        <div class=\"het-bx-slider owl-carousel\" data-params='{\"autoplay\":true,\"pause\":5000,\"nav\":true,\"dots\":false}'>\n                            <div class=\"het-slide\">\n                    <div class=\"het-slide-overlay\"><\/div>\n\n                    <img decoding=\"async\" class=\"no-lazyload\" src=\"https:\/\/friendshipforcetuxtla.com\/web\/wp-content\/uploads\/2024\/01\/396689016_679287824303670_2188490700700493962_n-e1706525132840.jpg\" alt=\"AYUDAMOS A CONSTRUIR EL FUTURO\">\n\n                    <div class=\"het-slide-caption\">\n\n                                                    <div class=\"het-slide-cap-title\">\n                                <span>AYUDAMOS A CONSTRUIR EL FUTURO<\/span>\n                            <\/div>\n                        \n                                                    <div class=\"het-slide-cap-desc\">\n                                &quot;Promoviendo la paz mundial y el entendimiento cultural a trav\u00e9s de interacciones personales y viajes internacionales&quot;                            <\/div>\n                        \n                                            <\/div>\n                <\/div>\n                                <div class=\"het-slide\">\n                    <div class=\"het-slide-overlay\"><\/div>\n\n                    <img decoding=\"async\" class=\"no-lazyload\" src=\"https:\/\/friendshipforcetuxtla.com\/web\/wp-content\/uploads\/2024\/01\/392884298_670248395207613_2631891305721734401_n-e1706526678723.jpg\" alt=\"FORTALECIENDO LA AMISTAD\">\n\n                    <div class=\"het-slide-caption\">\n\n                                                    <div class=\"het-slide-cap-title\">\n                                <span>FORTALECIENDO LA AMISTAD<\/span>\n                            <\/div>\n                        \n                                                    <div class=\"het-slide-cap-desc\">\n                                 &quot;Construyendo puentes de amistad y comprensi\u00f3n entre personas de diferentes pa\u00edses y culturas&quot;                            <\/div>\n                        \n                                            <\/div>\n                <\/div>\n                                <div class=\"het-slide\">\n                    <div class=\"het-slide-overlay\"><\/div>\n\n                    <img decoding=\"async\" class=\"no-lazyload\" src=\"https:\/\/friendshipforcetuxtla.com\/web\/wp-content\/uploads\/2024\/01\/422434362_725186719713780_6969668789780495473_n-e1706526956574.jpg\" alt=\"DESARROLLANDO UN MUNDO MAS UNIDO\">\n\n                    <div class=\"het-slide-caption\">\n\n                                                    <div class=\"het-slide-cap-title\">\n                                <span>DESARROLLANDO UN MUNDO MAS UNIDO<\/span>\n                            <\/div>\n                        \n                                                    <div class=\"het-slide-cap-desc\">\n                                &quot;Fomentando el di\u00e1logo y el intercambio de ideas para un mundo m\u00e1s unido y solidario&quot;                            <\/div>\n                        \n                                                    <div class=\"het-slide-cap-button\">\n                                <a href=\"https:\/\/friendshipforcetuxtla.com\/web\/contact\/\"  target=\"_blank\" rel=\"nofollow\">Cont\u00e1ctanos!!<\/a>\n                            <\/div>\n                                            <\/div>\n                <\/div>\n                        <\/div>\n        \t\t\t\t<\/div>\n\t\t\t\t<\/div>\n\t\t\t\t\t<\/div>\n\t\t<\/div>\n\t\t\t\t\t<\/div>\n\t\t<\/section>\n\t\t\t\t<section class=\"elementor-section elementor-top-section elementor-element elementor-element-9f22929 elementor-section-boxed elementor-section-height-default elementor-section-height-default\" data-id=\"9f22929\" data-element_type=\"section\" data-e-type=\"section\">\n\t\t\t\t\t\t<div class=\"elementor-container elementor-column-gap-extended\">\n\t\t\t\t\t<div class=\"elementor-column elementor-col-50 elementor-top-column elementor-element elementor-element-2ab2d95\" data-id=\"2ab2d95\" data-element_type=\"column\" data-e-type=\"column\">\n\t\t\t<div class=\"elementor-widget-wrap elementor-element-populated\">\n\t\t\t\t\t\t<div class=\"elementor-element elementor-element-f06dec2 elementor-widget elementor-widget-heading\" data-id=\"f06dec2\" data-element_type=\"widget\" data-e-type=\"widget\" data-widget_type=\"heading.default\">\n\t\t\t\t<div class=\"elementor-widget-container\">\n\t\t\t\t\t<h2 class=\"elementor-heading-title elementor-size-default\">Quienes Somos<\/h2>\t\t\t\t<\/div>\n\t\t\t\t<\/div>\n\t\t\t\t<div class=\"elementor-element elementor-element-8ec87af elementor-widget elementor-widget-text-editor\" data-id=\"8ec87af\" data-element_type=\"widget\" data-e-type=\"widget\" data-widget_type=\"text-editor.default\">\n\t\t\t\t<div class=\"elementor-widget-container\">\n\t\t\t\t\t\t\t\t\t<p>\u00a1La Friendship Force es una organizaci\u00f3n internacional dedicada a construir puentes de amistad y comprensi\u00f3n entre personas de diferentes pa\u00edses! Fundada en 1977 por Wayne Smith y Don Ball, la organizaci\u00f3n tiene como objetivo fomentar la paz mundial y el entendimiento cultural a trav\u00e9s de interacciones personales y viajes culturales.<\/p><p>La Friendship Force organiza viajes en los que los miembros se hospedan en casa de sus anfitriones en el extranjero, lo que permite experiencias de inmersi\u00f3n cultural y la creaci\u00f3n de v\u00ednculos duraderos. Estos intercambios culturales se llevan a cabo a nivel local, nacional e internacional, involucrando a personas de todas las edades y or\u00edgenes.<\/p>\t\t\t\t\t\t\t\t<\/div>\n\t\t\t\t<\/div>\n\t\t\t\t\t<\/div>\n\t\t<\/div>\n\t\t\t\t<div class=\"elementor-column elementor-col-50 elementor-top-column elementor-element elementor-element-ec62e2b\" data-id=\"ec62e2b\" data-element_type=\"column\" data-e-type=\"column\">\n\t\t\t<div class=\"elementor-widget-wrap elementor-element-populated\">\n\t\t\t\t\t\t<div class=\"elementor-element elementor-element-87f5d2b elementor-widget elementor-widget-image\" data-id=\"87f5d2b\" data-element_type=\"widget\" data-e-type=\"widget\" data-widget_type=\"image.default\">\n\t\t\t\t<div class=\"elementor-widget-container\">\n\t\t\t\t\t\t\t\t\t\t\t\t\t\t\t<img fetchpriority=\"high\" decoding=\"async\" width=\"459\" height=\"486\" src=\"https:\/\/friendshipforcetuxtla.com\/web\/wp-content\/uploads\/2019\/04\/people.png\" class=\"attachment-large size-large wp-image-401\" alt=\"\" srcset=\"https:\/\/friendshipforcetuxtla.com\/web\/wp-content\/uploads\/2019\/04\/people.png 459w, https:\/\/friendshipforcetuxtla.com\/web\/wp-content\/uploads\/2019\/04\/people-283x300.png 283w\" sizes=\"(max-width: 459px) 100vw, 459px\" \/>\t\t\t\t\t\t\t\t\t\t\t\t\t\t\t<\/div>\n\t\t\t\t<\/div>\n\t\t\t\t\t<\/div>\n\t\t<\/div>\n\t\t\t\t\t<\/div>\n\t\t<\/section>\n\t\t\t\t<section class=\"elementor-section elementor-top-section elementor-element elementor-element-07e1223 elementor-section-boxed elementor-section-height-default elementor-section-height-default\" data-id=\"07e1223\" data-element_type=\"section\" data-e-type=\"section\" data-settings=\"{&quot;background_background&quot;:&quot;classic&quot;}\">\n\t\t\t\t\t\t<div class=\"elementor-container elementor-column-gap-default\">\n\t\t\t\t\t<div class=\"elementor-column elementor-col-100 elementor-top-column elementor-element elementor-element-25b16fd\" data-id=\"25b16fd\" data-element_type=\"column\" data-e-type=\"column\">\n\t\t\t<div class=\"elementor-widget-wrap elementor-element-populated\">\n\t\t\t\t\t\t<section class=\"elementor-section elementor-inner-section elementor-element elementor-element-50a0973 elementor-section-full_width elementor-section-height-default elementor-section-height-default\" data-id=\"50a0973\" data-element_type=\"section\" data-e-type=\"section\">\n\t\t\t\t\t\t<div class=\"elementor-container elementor-column-gap-default\">\n\t\t\t\t\t<div class=\"elementor-column elementor-col-33 elementor-inner-column elementor-element elementor-element-9d33175\" data-id=\"9d33175\" data-element_type=\"column\" data-e-type=\"column\">\n\t\t\t<div class=\"elementor-widget-wrap\">\n\t\t\t\t\t\t\t<\/div>\n\t\t<\/div>\n\t\t\t\t<div class=\"elementor-column elementor-col-33 elementor-inner-column elementor-element elementor-element-ff229e0\" data-id=\"ff229e0\" data-element_type=\"column\" data-e-type=\"column\">\n\t\t\t<div class=\"elementor-widget-wrap elementor-element-populated\">\n\t\t\t\t\t\t<div class=\"elementor-element elementor-element-9db4054 elementor-widget elementor-widget-heading\" data-id=\"9db4054\" data-element_type=\"widget\" data-e-type=\"widget\" data-widget_type=\"heading.default\">\n\t\t\t\t<div class=\"elementor-widget-container\">\n\t\t\t\t\t<h2 class=\"elementor-heading-title elementor-size-default\">ULTIMAS PUBLICACIONES<\/h2>\t\t\t\t<\/div>\n\t\t\t\t<\/div>\n\t\t\t\t<div class=\"elementor-element elementor-element-28d0c1b elementor-widget elementor-widget-text-editor\" data-id=\"28d0c1b\" data-element_type=\"widget\" data-e-type=\"widget\" data-widget_type=\"text-editor.default\">\n\t\t\t\t<div class=\"elementor-widget-container\">\n\t\t\t\t\t\t\t\t\t<p>Conoce nuestras ultimas publicaciones sobre las actividades que realizamos.<\/p>\t\t\t\t\t\t\t\t<\/div>\n\t\t\t\t<\/div>\n\t\t\t\t\t<\/div>\n\t\t<\/div>\n\t\t\t\t<div class=\"elementor-column elementor-col-33 elementor-inner-column elementor-element elementor-element-62fd2ea\" data-id=\"62fd2ea\" data-element_type=\"column\" data-e-type=\"column\">\n\t\t\t<div class=\"elementor-widget-wrap\">\n\t\t\t\t\t\t\t<\/div>\n\t\t<\/div>\n\t\t\t\t\t<\/div>\n\t\t<\/section>\n\t\t\t\t<div class=\"elementor-element elementor-element-3505566 elementor-widget elementor-widget-total-blog-module\" data-id=\"3505566\" data-element_type=\"widget\" data-e-type=\"widget\" data-widget_type=\"total-blog-module.default\">\n\t\t\t\t<div class=\"elementor-widget-container\">\n\t\t\t\t\t        <div class=\"het-blog-wrap het-clearfix\">\n                                <div class=\"het-blog-post\">\n                        <div class=\"het-blog-box\">\n                                                                <div class=\"het-blog-thumbnail\">\n                                        <a href=\"https:\/\/friendshipforcetuxtla.com\/web\/three-generations-of-friendship-thegutierrez-family-and-the-friendship-force\/\"><img decoding=\"async\" src=\"https:\/\/friendshipforcetuxtla.com\/web\/wp-content\/uploads\/2026\/04\/tres_generaciones.png\" alt=\"Three Generations of Friendship: The Guti\u00e9rrez Family and the Friendship Force\"><\/a>\n                                    <\/div>\n                                                                <div class=\"het-blog-excerpt\">\n                                <h5><a href=\"https:\/\/friendshipforcetuxtla.com\/web\/three-generations-of-friendship-thegutierrez-family-and-the-friendship-force\/\">Three Generations of Friendship: The Guti\u00e9rrez Family and the Friendship Force<\/a><\/h5>\n                                <div class=\"het-blog-date\"><i class=\"fa fa-calendar-o\" aria-hidden=\"true\"><\/i>1 abril, 2026<\/div>\n                                <div class=\"het-blog-excerpt-text\"><p>Some stories don&#8217;t just inspire \u2014 they remind us why the Friendship Force exists.<\/p>\n<\/div>                            <\/div>\n\n                            <div class=\"het-blog-read-more\">\n                                <a href=\"https:\/\/friendshipforcetuxtla.com\/web\/three-generations-of-friendship-thegutierrez-family-and-the-friendship-force\/\">Read More<\/a>\n                            <\/div>\n                        <\/div>\n                    <\/div>\n                                        <div class=\"het-blog-post\">\n                        <div class=\"het-blog-box\">\n                                                                <div class=\"het-blog-thumbnail\">\n                                        <a href=\"https:\/\/friendshipforcetuxtla.com\/web\/un-primer-viaje-una-amistad-duradera\/\"><img decoding=\"async\" src=\"https:\/\/friendshipforcetuxtla.com\/web\/wp-content\/uploads\/2026\/03\/1000245230.jpg\" alt=\"Un primer viaje, una amistad duradera\"><\/a>\n                                    <\/div>\n                                                                <div class=\"het-blog-excerpt\">\n                                <h5><a href=\"https:\/\/friendshipforcetuxtla.com\/web\/un-primer-viaje-una-amistad-duradera\/\">Un primer viaje, una amistad duradera<\/a><\/h5>\n                                <div class=\"het-blog-date\"><i class=\"fa fa-calendar-o\" aria-hidden=\"true\"><\/i>31 marzo, 2026<\/div>\n                                <div class=\"het-blog-excerpt-text\">\t\t\t\t\t\t\t\t\t\t\t\t\t\t\t\n\t\tHay algo especial en adentrarse en un lugar donde la celebraci\u00f3n no es solo un evento, sino tambi\u00e9n una forma de vida. Cuando Alana Smith, de FF de Victoria y Vancouver, Ca...<\/div>                            <\/div>\n\n                            <div class=\"het-blog-read-more\">\n                                <a href=\"https:\/\/friendshipforcetuxtla.com\/web\/un-primer-viaje-una-amistad-duradera\/\">Read More<\/a>\n                            <\/div>\n                        <\/div>\n                    <\/div>\n                                        <div class=\"het-blog-post\">\n                        <div class=\"het-blog-box\">\n                                                                <div class=\"het-blog-thumbnail\">\n                                        <a href=\"https:\/\/friendshipforcetuxtla.com\/web\/mi-primer-viaje-una-semana-en-chiapas-que-me-cambio-la-vida\/\"><img decoding=\"async\" src=\"https:\/\/friendshipforcetuxtla.com\/web\/wp-content\/uploads\/2025\/05\/ladies-899x675-1.jpg\" alt=\"Mi Primer Viaje: Una Semana En Chiapas Que Me Cambi\u00f3 La Vida\"><\/a>\n                                    <\/div>\n                                                                <div class=\"het-blog-excerpt\">\n                                <h5><a href=\"https:\/\/friendshipforcetuxtla.com\/web\/mi-primer-viaje-una-semana-en-chiapas-que-me-cambio-la-vida\/\">Mi Primer Viaje: Una Semana En Chiapas Que Me Cambi\u00f3 La Vida<\/a><\/h5>\n                                <div class=\"het-blog-date\"><i class=\"fa fa-calendar-o\" aria-hidden=\"true\"><\/i>26 mayo, 2025<\/div>\n                                <div class=\"het-blog-excerpt-text\">\t\t\t\t\t\t\t\t\t\t\t\t\t\n\t\t\n\u00a0\nNos reunimos con Dana Jackson de FFI despu\u00e9s de su primer Viaje de la Fuerza de la Amistad, una experiencia vibrante y reveladora en Chiapas, M\u00e9xico. Esto es lo que compar...<\/div>                            <\/div>\n\n                            <div class=\"het-blog-read-more\">\n                                <a href=\"https:\/\/friendshipforcetuxtla.com\/web\/mi-primer-viaje-una-semana-en-chiapas-que-me-cambio-la-vida\/\">Read More<\/a>\n                            <\/div>\n                        <\/div>\n                    <\/div>\n                            <\/div>\n        \t\t\t\t<\/div>\n\t\t\t\t<\/div>\n\t\t\t\t\t<\/div>\n\t\t<\/div>\n\t\t\t\t\t<\/div>\n\t\t<\/section>\n\t\t\t\t<\/div>\n\t\t","protected":false},"excerpt":{"rendered":"<p>AYUDAMOS A CONSTRUIR EL FUTURO &quot;Promoviendo la paz mundial y el entendimiento cultural a trav\u00e9s de interacciones personales y viajes internacionales&quot; FORTALECIENDO LA AMISTAD &quot;Construyendo puentes de amistad y comprensi\u00f3n entre personas de diferentes pa\u00edses y culturas&quot; DESARROLLANDO UN MUNDO MAS UNIDO &quot;Fomentando el di\u00e1logo y el intercambio de ideas para un mundo m\u00e1s unido [&hellip;]<\/p>\n","protected":false},"author":1,"featured_media":0,"parent":0,"menu_order":0,"comment_status":"closed","ping_status":"closed","template":"elementor_header_footer","meta":{"footnotes":""},"class_list":["post-396","page","type-page","status-publish","hentry"],"_links":{"self":[{"href":"https:\/\/friendshipforcetuxtla.com\/web\/wp-json\/wp\/v2\/pages\/396","targetHints":{"allow":["GET"]}}],"collection":[{"href":"https:\/\/friendshipforcetuxtla.com\/web\/wp-json\/wp\/v2\/pages"}],"about":[{"href":"https:\/\/friendshipforcetuxtla.com\/web\/wp-json\/wp\/v2\/types\/page"}],"author":[{"embeddable":true,"href":"https:\/\/friendshipforcetuxtla.com\/web\/wp-json\/wp\/v2\/users\/1"}],"replies":[{"embeddable":true,"href":"https:\/\/friendshipforcetuxtla.com\/web\/wp-json\/wp\/v2\/comments?post=396"}],"version-history":[{"count":6,"href":"https:\/\/friendshipforcetuxtla.com\/web\/wp-json\/wp\/v2\/pages\/396\/revisions"}],"predecessor-version":[{"id":1481,"href":"https:\/\/friendshipforcetuxtla.com\/web\/wp-json\/wp\/v2\/pages\/396\/revisions\/1481"}],"wp:attachment":[{"href":"https:\/\/friendshipforcetuxtla.com\/web\/wp-json\/wp\/v2\/media?parent=396"}],"curies":[{"name":"wp","href":"https:\/\/api.w.org\/{rel}","templated":true}]}}